{"id":1577,"date":"2022-02-22T10:49:03","date_gmt":"2022-02-22T10:49:03","guid":{"rendered":"https:\/\/www.hotel-bettina.net\/?page_id=1577"},"modified":"2023-01-30T15:33:54","modified_gmt":"2023-01-30T15:33:54","slug":"corona-infos","status":"publish","type":"page","link":"https:\/\/www.hotel-bettina.net\/en\/corona-infos\/","title":{"rendered":"Corona info"},"content":{"rendered":"<p>&nbsp;<\/p>\n<h4 class=\"size-16\"><span class=\"font-size-16\">Hygienic concept Corona - Guest information<\/span><\/h4>\n<p>&nbsp;<\/p>\n<h6 class=\"size-16\"><span class=\"font-size-16\">Our protection concept for you<\/span><\/h6>\n<p class=\"size-16\"><span class=\"font-size-16\"><br \/>\nDear guests,<\/span><\/p>\n<p>it is very important to us to make your stay as pleasant and safe as possible. For this purpose, we have developed our own protection concept for you and our employees. It is constantly adapted to the official regulations.<\/p>\n<p>&nbsp;<\/p>\n<p><strong><span class=\"font-size-16\">In detail, it includes the following measures:<\/span><\/strong><\/p>\n<ul>\n<li class=\"size-16\"><span class=\"font-size-16\">Comprehensive basic cleaning and disinfection are standard at Hotel Bettina.<\/span><\/li>\n<li class=\"size-16\"><span class=\"font-size-16\">Increased disinfection of all contact surfaces (door handles, tables, chairs, etc.).<\/span><\/li>\n<li class=\"size-16\">The possibility of hand disinfection is guaranteed in all public areas.<\/li>\n<li class=\"size-16\">Your booked room has been cleaned and disinfected according to strict requirements and approved by our housekeeper.<\/li>\n<li class=\"size-16\">For your personal use, you can purchase protective masks at the reception desk<\/li>\n<li class=\"size-16\">All employees are trained in hygiene and informed about changes on a daily basis.<\/li>\n<li class=\"size-16\">All staff members are vaccinated and boostered.<\/li>\n<\/ul>\n<p class=\"size-16\"><span class=\"font-size-16\"><br \/>\n<\/span><strong><span class=\"font-size-16\">Arrival:<\/span><\/strong><\/p>\n<p class=\"size-16\"><span style=\"color: red;\">All Corona-related measures are eliminated.<\/p>\n<p><\/span><\/p>\n<p class=\"m-size-11 size-16\"><span class=\"font-size-16 m-font-size-11\">For more detailed information, please visit www.landkreis-guenzburg.de. <a href=\"https:\/\/www.landkreis-guenzburg.de\/\">www.landkreis-guenzburg.de<\/a>.<\/span><\/p>\n<p class=\"size-16\"><strong><span class=\"font-size-16\"><br \/>\n<\/span><span class=\"font-size-16\">Check-In:<\/span><\/strong><\/p>\n<p class=\"size-16\"><span class=\"font-size-16\">We are glad to see you again, but unfortunately we are not allowed to shake your hand.<br \/>\n<\/span><\/p>\n<p class=\"size-16\"><span class=\"font-size-16\">Everything we hand over to you complies with current hygiene regulations.<\/span><\/p>\n<p>&nbsp;<\/p>\n<p class=\"m-size-13 size-16\"><strong><span class=\"m-font-size-13 font-size-16\">Breakfast Rules:<\/span><\/strong><\/p>\n<p>Open buffet without restrictions.<\/p>\n<p>&nbsp;<\/p>\n<h4 class=\"size-16\"><em><span class=\"font-size-16\">\u00a0Your Hotel Bettina Team<\/span><\/em><\/h4>\n<p>&nbsp;<\/p>\n<p class=\"size-10\"><span class=\"font-size-10\"><small>Stand 20.01.2023<\/small><\/span><\/p>\n<p>&nbsp;<\/p>","protected":false},"excerpt":{"rendered":"<p>&nbsp; Hygienekonzept Corona &#8211; G\u00e4steinformation &nbsp; Unser Schutzkonzept f\u00fcr Sie Liebe G\u00e4ste, es liegt uns am Herzen, Ihren Aufenthalt bei uns so angenehm und sicher wie m\u00f6glich zu gestalten. Hierzu haben wir ein eigenes Schutzkonzept f\u00fcr Sie und unsere Mitarbeiter entwickelt. Dieses wird laufend den amtlichen Verordnungen angepasst. &nbsp; Im Einzelnen sind es folgende Ma\u00dfnahmen: [&hellip;]<\/p>","protected":false},"author":1,"featured_media":0,"parent":0,"menu_order":0,"comment_status":"closed","ping_status":"closed","template":"","meta":{"footnotes":""},"class_list":["post-1577","page","type-page","status-publish","hentry"],"_links":{"self":[{"href":"https:\/\/www.hotel-bettina.net\/en\/wp-json\/wp\/v2\/pages\/1577","targetHints":{"allow":["GET"]}}],"collection":[{"href":"https:\/\/www.hotel-bettina.net\/en\/wp-json\/wp\/v2\/pages"}],"about":[{"href":"https:\/\/www.hotel-bettina.net\/en\/wp-json\/wp\/v2\/types\/page"}],"author":[{"embeddable":true,"href":"https:\/\/www.hotel-bettina.net\/en\/wp-json\/wp\/v2\/users\/1"}],"replies":[{"embeddable":true,"href":"https:\/\/www.hotel-bettina.net\/en\/wp-json\/wp\/v2\/comments?post=1577"}],"version-history":[{"count":8,"href":"https:\/\/www.hotel-bettina.net\/en\/wp-json\/wp\/v2\/pages\/1577\/revisions"}],"predecessor-version":[{"id":1738,"href":"https:\/\/www.hotel-bettina.net\/en\/wp-json\/wp\/v2\/pages\/1577\/revisions\/1738"}],"wp:attachment":[{"href":"https:\/\/www.hotel-bettina.net\/en\/wp-json\/wp\/v2\/media?parent=1577"}],"curies":[{"name":"wp","href":"https:\/\/api.w.org\/{rel}","templated":true}]}}