{"id":1435,"date":"2021-09-03T09:54:30","date_gmt":"2021-09-03T09:54:30","guid":{"rendered":"https:\/\/www.hotel-bettina.net\/?page_id=1435"},"modified":"2026-04-04T11:37:47","modified_gmt":"2026-04-04T11:37:47","slug":"fruehstueck","status":"publish","type":"page","link":"https:\/\/www.hotel-bettina.net\/en\/fruehstueck\/","title":{"rendered":"Breakfast"},"content":{"rendered":"<div class=\"vc_row wpb_row vc_row-fluid\">\n\t\t\t\t\n<div class=\"wpb_column vc_column_container vc_col-sm-6\"><div class=\"vc_column-inner\"><div class=\"wpb_wrapper\"><div class=\"wpb_gallery wpb_content_element vc_clearfix\" ><div class=\"wpb_wrapper\"><div class=\"wpb_gallery_slides wpb_flexslider flexslider_fade flexslider\" data-interval=\"5\" data-flex_fx=\"fade\"><ul class=\"slides\"><li><img loading=\"lazy\" decoding=\"async\" width=\"750\" height=\"563\" src=\"https:\/\/www.hotel-bettina.net\/wp-content\/uploads\/2022\/03\/01-1-1024x768.jpg\" class=\"attachment-large\" alt=\"\" title=\"01-1\" srcset=\"https:\/\/www.hotel-bettina.net\/wp-content\/uploads\/2022\/03\/01-1-1024x768.jpg 1024w, https:\/\/www.hotel-bettina.net\/wp-content\/uploads\/2022\/03\/01-1-300x225.jpg 300w, https:\/\/www.hotel-bettina.net\/wp-content\/uploads\/2022\/03\/01-1-768x576.jpg 768w, https:\/\/www.hotel-bettina.net\/wp-content\/uploads\/2022\/03\/01-1-1536x1152.jpg 1536w, https:\/\/www.hotel-bettina.net\/wp-content\/uploads\/2022\/03\/01-1-16x12.jpg 16w, https:\/\/www.hotel-bettina.net\/wp-content\/uploads\/2022\/03\/01-1.jpg 1920w\" sizes=\"auto, (max-width: 750px) 100vw, 750px\" \/><\/li><li><img loading=\"lazy\" decoding=\"async\" width=\"750\" height=\"420\" src=\"https:\/\/www.hotel-bettina.net\/wp-content\/uploads\/2022\/03\/04-2-1024x574.jpg\" class=\"attachment-large\" alt=\"\" title=\"04-2\" srcset=\"https:\/\/www.hotel-bettina.net\/wp-content\/uploads\/2022\/03\/04-2-1024x574.jpg 1024w, https:\/\/www.hotel-bettina.net\/wp-content\/uploads\/2022\/03\/04-2-300x168.jpg 300w, https:\/\/www.hotel-bettina.net\/wp-content\/uploads\/2022\/03\/04-2-768x431.jpg 768w, https:\/\/www.hotel-bettina.net\/wp-content\/uploads\/2022\/03\/04-2-1536x862.jpg 1536w, https:\/\/www.hotel-bettina.net\/wp-content\/uploads\/2022\/03\/04-2-18x10.jpg 18w, https:\/\/www.hotel-bettina.net\/wp-content\/uploads\/2022\/03\/04-2.jpg 1920w\" sizes=\"auto, (max-width: 750px) 100vw, 750px\" \/><\/li><li><img loading=\"lazy\" decoding=\"async\" width=\"750\" height=\"500\" src=\"https:\/\/www.hotel-bettina.net\/wp-content\/uploads\/2022\/03\/02-3-1024x683.jpg\" class=\"attachment-large\" alt=\"\" title=\"02-3\" srcset=\"https:\/\/www.hotel-bettina.net\/wp-content\/uploads\/2022\/03\/02-3-1024x683.jpg 1024w, https:\/\/www.hotel-bettina.net\/wp-content\/uploads\/2022\/03\/02-3-300x200.jpg 300w, https:\/\/www.hotel-bettina.net\/wp-content\/uploads\/2022\/03\/02-3-768x512.jpg 768w, https:\/\/www.hotel-bettina.net\/wp-content\/uploads\/2022\/03\/02-3-1536x1024.jpg 1536w, https:\/\/www.hotel-bettina.net\/wp-content\/uploads\/2022\/03\/02-3-18x12.jpg 18w, https:\/\/www.hotel-bettina.net\/wp-content\/uploads\/2022\/03\/02-3-600x400.jpg 600w, https:\/\/www.hotel-bettina.net\/wp-content\/uploads\/2022\/03\/02-3-900x600.jpg 900w, https:\/\/www.hotel-bettina.net\/wp-content\/uploads\/2022\/03\/02-3.jpg 1920w\" sizes=\"auto, (max-width: 750px) 100vw, 750px\" \/><\/li><li><img loading=\"lazy\" decoding=\"async\" width=\"750\" height=\"500\" src=\"https:\/\/www.hotel-bettina.net\/wp-content\/uploads\/2022\/03\/05-4-1024x683.jpg\" class=\"attachment-large\" alt=\"\" title=\"05-4\" srcset=\"https:\/\/www.hotel-bettina.net\/wp-content\/uploads\/2022\/03\/05-4-1024x683.jpg 1024w, https:\/\/www.hotel-bettina.net\/wp-content\/uploads\/2022\/03\/05-4-300x200.jpg 300w, https:\/\/www.hotel-bettina.net\/wp-content\/uploads\/2022\/03\/05-4-768x512.jpg 768w, https:\/\/www.hotel-bettina.net\/wp-content\/uploads\/2022\/03\/05-4-1536x1024.jpg 1536w, https:\/\/www.hotel-bettina.net\/wp-content\/uploads\/2022\/03\/05-4-18x12.jpg 18w, https:\/\/www.hotel-bettina.net\/wp-content\/uploads\/2022\/03\/05-4-600x400.jpg 600w, https:\/\/www.hotel-bettina.net\/wp-content\/uploads\/2022\/03\/05-4-900x600.jpg 900w, https:\/\/www.hotel-bettina.net\/wp-content\/uploads\/2022\/03\/05-4.jpg 1920w\" sizes=\"auto, (max-width: 750px) 100vw, 750px\" \/><\/li><li><img loading=\"lazy\" decoding=\"async\" width=\"750\" height=\"539\" src=\"https:\/\/www.hotel-bettina.net\/wp-content\/uploads\/2022\/03\/08-5-1024x736.jpg\" class=\"attachment-large\" alt=\"\" title=\"08-5\" srcset=\"https:\/\/www.hotel-bettina.net\/wp-content\/uploads\/2022\/03\/08-5-1024x736.jpg 1024w, https:\/\/www.hotel-bettina.net\/wp-content\/uploads\/2022\/03\/08-5-300x216.jpg 300w, https:\/\/www.hotel-bettina.net\/wp-content\/uploads\/2022\/03\/08-5-768x552.jpg 768w, https:\/\/www.hotel-bettina.net\/wp-content\/uploads\/2022\/03\/08-5-1536x1104.jpg 1536w, https:\/\/www.hotel-bettina.net\/wp-content\/uploads\/2022\/03\/08-5-18x12.jpg 18w, https:\/\/www.hotel-bettina.net\/wp-content\/uploads\/2022\/03\/08-5.jpg 1920w\" sizes=\"auto, (max-width: 750px) 100vw, 750px\" \/><\/li><\/ul><\/div><\/div><\/div><\/div><\/div><\/div><div class=\"wpb_column vc_column_container vc_col-sm-6\"><div class=\"vc_column-inner\"><div class=\"wpb_wrapper\">\n\t<div class=\"wpb_text_column wpb_content_element\" >\n\t\t<div class=\"wpb_wrapper\">\n\t\t\t<p style=\"text-align: left;\"><span class=\"\">Something for everyone <\/span>Without a healthy and balanced breakfast you shouldn't start an eventful day.<\/p>\n<p>Starten Sie den Tag mit einer gro\u00dfen Auswahl an Kaffeespezialit\u00e4ten vom Kaffee bis Espresso Macchiato. Alle Kaffeespezialit\u00e4ten sind auch koffeinfrei erh\u00e4ltlich.<\/p>\n<p>Alternativ zur Milch bieten wir Ihnen Soja-,Hafer- oder laktosefreie Milch an.<\/p>\n<p>Eine gro\u00dfe Tee- und Saftauswahl komplettiert das Getr\u00e4nkeangebot.<\/p>\n<p>Regionale Produkte, kalt oder warm, herzhaft oder s\u00fc\u00df, helfen, gesund und gest\u00e4rkt in den Tag zu starten.<\/p>\n<p style=\"text-align: left;\"><span class=\"\">Mostly with products from regional suppliers, <\/span>we offer our varied breakfast<\/p>\n<p style=\"text-align: left;\">Fr\u00fchst\u00fcckszeiten<\/p>\n<p style=\"text-align: left;\"><strong><span class=\"\">Mo bis Fr: 6.30-10.00 Uhr<\/span><span class=\"\">\u00a0<\/span><\/strong><\/p>\n<p style=\"text-align: left;\"><span class=\"\">and<\/span><\/p>\n<p style=\"text-align: left;\"><strong>Sa bis So: 7.30-10.00 Uhr<span class=\"\">. <\/span><\/strong><\/p>\n\n\t\t<\/div>\n\t<\/div>\n<\/div><\/div><\/div><\/div><div class=\"vc_row wpb_row vc_row-fluid\">\n\t\t\t\t\n<div class=\"wpb_column vc_column_container vc_col-sm-12\"><div class=\"vc_column-inner\"><div class=\"wpb_wrapper\"><div class=\"vc_empty_space\"   style=\"height: 40px\"><span class=\"vc_empty_space_inner\"><\/span><\/div><div class=\"vc_btn3-container vc_btn3-center\" ><a style=\"background-color:#1a5599; color:#ffffff;\" class=\"vc_general vc_btn3 vc_btn3-size-md vc_btn3-shape-rounded vc_btn3-style-custom\" href=\"https:\/\/www.hotel-bettina.net\/en\/kontakt\/#kontakt\" title=\"Contact\">Contact us!<\/a><\/div><\/div><\/div><\/div><\/div>","protected":false},"excerpt":{"rendered":"Wir bieten Ihnen jeden Tag eine gro\u00dfe Auswahl an frischen und gesunden Produkten auf unserem Buffet an. Starten Sie den Tag mit einer gro\u00dfen Auswahl an Kaffeespezialit\u00e4ten vom Kaffee bis Espresso Macchiato. Alle Kaffeespezialit\u00e4ten sind auch koffeinfrei erh\u00e4ltlich. Alternativ zur Milch bieten wir Ihnen Soja-,Hafer- oder laktosefreie Milch an. Eine gro\u00dfe Tee- und Saftauswahl komplettiert [...]","protected":false},"author":1,"featured_media":0,"parent":0,"menu_order":0,"comment_status":"closed","ping_status":"closed","template":"","meta":{"footnotes":""},"class_list":["post-1435","page","type-page","status-publish","hentry"],"_links":{"self":[{"href":"https:\/\/www.hotel-bettina.net\/en\/wp-json\/wp\/v2\/pages\/1435","targetHints":{"allow":["GET"]}}],"collection":[{"href":"https:\/\/www.hotel-bettina.net\/en\/wp-json\/wp\/v2\/pages"}],"about":[{"href":"https:\/\/www.hotel-bettina.net\/en\/wp-json\/wp\/v2\/types\/page"}],"author":[{"embeddable":true,"href":"https:\/\/www.hotel-bettina.net\/en\/wp-json\/wp\/v2\/users\/1"}],"replies":[{"embeddable":true,"href":"https:\/\/www.hotel-bettina.net\/en\/wp-json\/wp\/v2\/comments?post=1435"}],"version-history":[{"count":28,"href":"https:\/\/www.hotel-bettina.net\/en\/wp-json\/wp\/v2\/pages\/1435\/revisions"}],"predecessor-version":[{"id":1896,"href":"https:\/\/www.hotel-bettina.net\/en\/wp-json\/wp\/v2\/pages\/1435\/revisions\/1896"}],"wp:attachment":[{"href":"https:\/\/www.hotel-bettina.net\/en\/wp-json\/wp\/v2\/media?parent=1435"}],"curies":[{"name":"wp","href":"https:\/\/api.w.org\/{rel}","templated":true}]}}