{"id":1433,"date":"2021-09-03T09:54:08","date_gmt":"2021-09-03T09:54:08","guid":{"rendered":"https:\/\/www.hotel-bettina.net\/?page_id=1433"},"modified":"2026-04-04T11:44:24","modified_gmt":"2026-04-04T11:44:24","slug":"hotel","status":"publish","type":"page","link":"https:\/\/www.hotel-bettina.net\/en\/hotel\/","title":{"rendered":"Donauradweg"},"content":{"rendered":"<p>&nbsp;<\/p>\n<p><img loading=\"lazy\" decoding=\"async\" class=\"wp-image-1537 alignleft\" src=\"https:\/\/www.hotel-bettina.net\/wp-content\/uploads\/2021\/12\/gunzburg-g8773fe751_1920-300x225.jpg\" alt=\"\" width=\"366\" height=\"274\" srcset=\"https:\/\/www.hotel-bettina.net\/wp-content\/uploads\/2021\/12\/gunzburg-g8773fe751_1920-300x225.jpg 300w, https:\/\/www.hotel-bettina.net\/wp-content\/uploads\/2021\/12\/gunzburg-g8773fe751_1920-1024x768.jpg 1024w, https:\/\/www.hotel-bettina.net\/wp-content\/uploads\/2021\/12\/gunzburg-g8773fe751_1920-768x576.jpg 768w, https:\/\/www.hotel-bettina.net\/wp-content\/uploads\/2021\/12\/gunzburg-g8773fe751_1920-1536x1152.jpg 1536w, https:\/\/www.hotel-bettina.net\/wp-content\/uploads\/2021\/12\/gunzburg-g8773fe751_1920.jpg 1920w\" sizes=\"auto, (max-width: 366px) 100vw, 366px\" \/><\/p>\n<p>Der\u00a0<strong>Donauradweg<\/strong> ist einer der bekanntesten Radwege in Deutschland und Europa. Entlang der Donau f\u00fchrt der Radweg von der Quelle in Donaueschingen \u00fcber die bayerische Dreifl\u00fcssestadt Passau weiter nach Wien. Sollte die Strecke zu kurz oder schon bekannt sein, kann man bis Budapest oder sogar bis ans Schwarze Meer radeln. Der Donauradweg durchquert auch den Landkreis G\u00fcnzburg. Der Radweg f\u00fchrt durch die endlosen Auw\u00e4lder Bayerisch Schwabens \u00fcber Leipheim und G\u00fcnzburg bis nach Dillingen.\u00a0 Die historische Altstadt G\u00fcnzburgs ist auf jeden Fall einen Zwischenstopp wert.<\/p>\n<p><strong>Ihr Rad k\u00f6nnen Sie in unserem absperrbaren Fahrradkeller kostenfrei und sicher unterstellen.\u00a0<\/strong><\/p>","protected":false},"excerpt":{"rendered":"<p>&nbsp; Der\u00a0Donauradweg ist einer der bekanntesten Radwege in Deutschland und Europa. Entlang der Donau f\u00fchrt der Radweg von der Quelle in Donaueschingen \u00fcber die bayerische Dreifl\u00fcssestadt Passau weiter nach Wien. Sollte die Strecke zu kurz oder schon bekannt sein, kann man bis Budapest oder sogar bis ans Schwarze Meer radeln. Der Donauradweg durchquert auch den [&hellip;]<\/p>","protected":false},"author":1,"featured_media":0,"parent":0,"menu_order":0,"comment_status":"closed","ping_status":"closed","template":"","meta":{"footnotes":""},"class_list":["post-1433","page","type-page","status-publish","hentry"],"_links":{"self":[{"href":"https:\/\/www.hotel-bettina.net\/en\/wp-json\/wp\/v2\/pages\/1433","targetHints":{"allow":["GET"]}}],"collection":[{"href":"https:\/\/www.hotel-bettina.net\/en\/wp-json\/wp\/v2\/pages"}],"about":[{"href":"https:\/\/www.hotel-bettina.net\/en\/wp-json\/wp\/v2\/types\/page"}],"author":[{"embeddable":true,"href":"https:\/\/www.hotel-bettina.net\/en\/wp-json\/wp\/v2\/users\/1"}],"replies":[{"embeddable":true,"href":"https:\/\/www.hotel-bettina.net\/en\/wp-json\/wp\/v2\/comments?post=1433"}],"version-history":[{"count":10,"href":"https:\/\/www.hotel-bettina.net\/en\/wp-json\/wp\/v2\/pages\/1433\/revisions"}],"predecessor-version":[{"id":1484,"href":"https:\/\/www.hotel-bettina.net\/en\/wp-json\/wp\/v2\/pages\/1433\/revisions\/1484"}],"wp:attachment":[{"href":"https:\/\/www.hotel-bettina.net\/en\/wp-json\/wp\/v2\/media?parent=1433"}],"curies":[{"name":"wp","href":"https:\/\/api.w.org\/{rel}","templated":true}]}}