{"id":113,"date":"2017-03-23T07:37:25","date_gmt":"2017-03-23T07:37:25","guid":{"rendered":"http:\/\/demo.awethemes.com\/fleurdesel\/?page_id=113"},"modified":"2026-04-04T11:42:28","modified_gmt":"2026-04-04T11:42:28","slug":"freizeit","status":"publish","type":"page","link":"https:\/\/www.hotel-bettina.net\/en\/freizeit\/","title":{"rendered":"LEGOLAND\u00ae Deutschland"},"content":{"rendered":"<p>&nbsp;<\/p>\n<p>&nbsp;<\/p>\n<p>&nbsp;<\/p>\n<p>&nbsp;<\/p>\n<p>Ihr Aufenthalt in unserem Hotel bietet die perfekte Kombination aus Erholung und unvergesslichem Familienabenteuer.<\/p>\n<p>Nur wenige Minuten von LEGOLAND\u00ae Deutschland entfernt, erwartet Sie ein einzigartiger Freizeitpark,<\/p>\n<p>der die Fantasie von Gro\u00df und Klein begeistert.<\/p>\n<p>Buchen Sie bei uns und genie\u00dfen Sie die N\u00e4he zu einem der beliebtesten Freizeitziele in Deutschland!<\/p>\n<p>&nbsp;<\/p>\n<p><strong>Ihre Vorteile:<\/strong><\/p>\n<p>&nbsp;<\/p>\n<ul>\n<li>Kurze Anfahrt \u2013 in wenigen Minuten erreichen Sie LEGOLAND\u00ae Deutschland und k\u00f6nnen Ihren Tag stressfrei genie\u00dfen.<\/li>\n<li>Familienfreundliche Zimmer \u2013 Unsere komfortablen Familienzimmer bieten ausreichend Platz und Annehmlichkeiten f\u00fcr Gro\u00df und Klein.<\/li>\n<li>Fr\u00fchst\u00fcck inklusive \u2013 Starten Sie mit einem reichhaltigen Fr\u00fchst\u00fcck in einen aufregenden Tag voller Abenteuer.<\/li>\n<li>Bestpreis-Garantie \u2013 Buchen Sie direkt bei uns und sichern Sie sich den besten Preis f\u00fcr Ihren Aufenthalt!<\/li>\n<\/ul>\n<p>&nbsp;<\/p>\n<p>LEGOLAND\u00ae Deutschland \u2013 ein Highlight f\u00fcr die ganze Familie:<\/p>\n<p>Mit \u00fcber 64 Attraktionen, acht aufregenden Themenwelten und Millionen von LEGO\u00ae Steinen ist das LEGOLAND\u00ae Deutschland Resort ein Muss f\u00fcr jede Familie. Erkunden Sie das faszinierende MINILAND, rasante Achterbahnen, Shows und interaktive Erlebnisse \u2013 ein Tag voller Spa\u00df und Spannung erwartet Sie.<\/p>\n<p>&nbsp;<\/p>\n<p>Buchen Sie jetzt und machen Sie Ihren Besuch im LEGOLAND\u00ae Deutschland zum perfekten Erlebnis!<\/p>\n<p>&nbsp;<\/p>","protected":false},"excerpt":{"rendered":"<p>&nbsp; &nbsp; &nbsp; &nbsp; Ihr Aufenthalt in unserem Hotel bietet die perfekte Kombination aus Erholung und unvergesslichem Familienabenteuer. Nur wenige Minuten von LEGOLAND\u00ae Deutschland entfernt, erwartet Sie ein einzigartiger Freizeitpark, der die Fantasie von Gro\u00df und Klein begeistert. Buchen Sie bei uns und genie\u00dfen Sie die N\u00e4he zu einem der beliebtesten Freizeitziele in Deutschland! &nbsp; [&hellip;]<\/p>","protected":false},"author":1,"featured_media":0,"parent":0,"menu_order":0,"comment_status":"closed","ping_status":"closed","template":"templates\/page-builder.php","meta":{"footnotes":""},"class_list":["post-113","page","type-page","status-publish","hentry"],"_links":{"self":[{"href":"https:\/\/www.hotel-bettina.net\/en\/wp-json\/wp\/v2\/pages\/113","targetHints":{"allow":["GET"]}}],"collection":[{"href":"https:\/\/www.hotel-bettina.net\/en\/wp-json\/wp\/v2\/pages"}],"about":[{"href":"https:\/\/www.hotel-bettina.net\/en\/wp-json\/wp\/v2\/types\/page"}],"author":[{"embeddable":true,"href":"https:\/\/www.hotel-bettina.net\/en\/wp-json\/wp\/v2\/users\/1"}],"replies":[{"embeddable":true,"href":"https:\/\/www.hotel-bettina.net\/en\/wp-json\/wp\/v2\/comments?post=113"}],"version-history":[{"count":24,"href":"https:\/\/www.hotel-bettina.net\/en\/wp-json\/wp\/v2\/pages\/113\/revisions"}],"predecessor-version":[{"id":1899,"href":"https:\/\/www.hotel-bettina.net\/en\/wp-json\/wp\/v2\/pages\/113\/revisions\/1899"}],"wp:attachment":[{"href":"https:\/\/www.hotel-bettina.net\/en\/wp-json\/wp\/v2\/media?parent=113"}],"curies":[{"name":"wp","href":"https:\/\/api.w.org\/{rel}","templated":true}]}}