{"id":105,"date":"2017-03-23T07:36:37","date_gmt":"2017-03-23T07:36:37","guid":{"rendered":"http:\/\/demo.awethemes.com\/fleurdesel\/?page_id=105"},"modified":"2026-04-06T16:05:37","modified_gmt":"2026-04-06T16:05:37","slug":"angebote","status":"publish","type":"page","link":"https:\/\/www.hotel-bettina.net\/en\/angebote\/","title":{"rendered":"Bestpreis\/ Buchen"},"content":{"rendered":"<div class=\"vc_row wpb_row vc_row-fluid\">\n\t\t\t\t\n<div class=\"wpb_column vc_column_container vc_col-sm-6\"><div class=\"vc_column-inner\"><div class=\"wpb_wrapper\"><div class=\"wpb_gallery wpb_content_element vc_clearfix\" ><div class=\"wpb_wrapper\"><div class=\"wpb_gallery_slides wpb_flexslider flexslider_fade flexslider\" data-interval=\"3\" data-flex_fx=\"fade\"><ul class=\"slides\"><li><img loading=\"lazy\" decoding=\"async\" class=\"\" src=\"https:\/\/www.hotel-bettina.net\/wp-content\/uploads\/2017\/06\/Comfort-scaled-300x268.jpg\" width=\"300\" height=\"268\" alt=\"Comfort\" title=\"Comfort\" \/><\/li><li><img loading=\"lazy\" decoding=\"async\" class=\"\" src=\"https:\/\/www.hotel-bettina.net\/wp-content\/uploads\/2017\/06\/IMG_5126-scaled-300x268.jpg\" width=\"300\" height=\"268\" alt=\"IMG_5126\" title=\"IMG_5126\" \/><\/li><li><img loading=\"lazy\" decoding=\"async\" class=\"\" src=\"https:\/\/www.hotel-bettina.net\/wp-content\/uploads\/2017\/06\/Economy-4-scaled-300x268.jpg\" width=\"300\" height=\"268\" alt=\"Economy (4)\" title=\"Economy (4)\" \/><\/li><\/ul><\/div><\/div><\/div>\n\t<div class=\"wpb_text_column wpb_content_element\" >\n\t\t<div class=\"wpb_wrapper\">\n\t\t\t\n\t\t<\/div>\n\t<\/div>\n<div class=\"vc_btn3-container vc_btn3-center\" ><a class=\"vc_general vc_btn3 vc_btn3-size-md vc_btn3-shape-rounded vc_btn3-style-modern vc_btn3-color-blue\" href=\"https:\/\/zimmersoftware.de\/hotel-bettina\" title=\"\">Direkt buchen<\/a><\/div><\/div><\/div><\/div><div class=\"wpb_column vc_column_container vc_col-sm-6\"><div class=\"vc_column-inner\"><div class=\"wpb_wrapper\">\n\t<div class=\"wpb_text_column wpb_content_element\" >\n\t\t<div class=\"wpb_wrapper\">\n\t\t\t<p>&nbsp;<\/p>\n<p>&nbsp;<\/p>\n<p style=\"text-align: center;\">Ob gesch\u00e4ftlich oder privat- unser famili\u00e4r gef\u00fchrtes Hotel garni<\/p>\n<p style=\"text-align: center;\">ist der ideale Ausgangspunkt f\u00fcr ihre Unternehmungen.<\/p>\n<p style=\"text-align: center;\">Freuen Sie sich auf komfortable Zimmer, moderne Ausstattung und eine famili\u00e4re Atmosph\u00e4re.<\/p>\n<p style=\"text-align: center;\">Buchen Sie jetzt direkt und sichern Sie sich ihr Zimmer zum Bestpreis.<\/p>\n\n\t\t<\/div>\n\t<\/div>\n<\/div><\/div><\/div><\/div><div class=\"vc_row wpb_row vc_row-fluid\">\n\t\t\t\t\n<div class=\"wpb_column vc_column_container vc_col-sm-12\"><div class=\"vc_column-inner\"><div class=\"wpb_wrapper\"><div class=\"vc_btn3-container vc_btn3-inline\" ><button class=\"vc_general vc_btn3 vc_btn3-size-md vc_btn3-shape-rounded vc_btn3-style-modern vc_btn3-color-grey\">Text on the button<\/button><\/div><\/div><\/div><\/div><\/div>","protected":false},"excerpt":{"rendered":"Direkt buchen &nbsp; &nbsp; Ob gesch\u00e4ftlich oder privat- unser famili\u00e4r gef\u00fchrtes Hotel garni ist der ideale Ausgangspunkt f\u00fcr ihre Unternehmungen. Freuen Sie sich auf komfortable Zimmer, moderne Ausstattung und eine famili\u00e4re Atmosph\u00e4re. Buchen Sie jetzt direkt und sichern Sie sich ihr Zimmer zum Bestpreis. Text on the button","protected":false},"author":1,"featured_media":0,"parent":0,"menu_order":0,"comment_status":"closed","ping_status":"closed","template":"templates\/page-builder.php","meta":{"footnotes":""},"class_list":["post-105","page","type-page","status-publish","hentry"],"_links":{"self":[{"href":"https:\/\/www.hotel-bettina.net\/en\/wp-json\/wp\/v2\/pages\/105","targetHints":{"allow":["GET"]}}],"collection":[{"href":"https:\/\/www.hotel-bettina.net\/en\/wp-json\/wp\/v2\/pages"}],"about":[{"href":"https:\/\/www.hotel-bettina.net\/en\/wp-json\/wp\/v2\/types\/page"}],"author":[{"embeddable":true,"href":"https:\/\/www.hotel-bettina.net\/en\/wp-json\/wp\/v2\/users\/1"}],"replies":[{"embeddable":true,"href":"https:\/\/www.hotel-bettina.net\/en\/wp-json\/wp\/v2\/comments?post=105"}],"version-history":[{"count":49,"href":"https:\/\/www.hotel-bettina.net\/en\/wp-json\/wp\/v2\/pages\/105\/revisions"}],"predecessor-version":[{"id":1913,"href":"https:\/\/www.hotel-bettina.net\/en\/wp-json\/wp\/v2\/pages\/105\/revisions\/1913"}],"wp:attachment":[{"href":"https:\/\/www.hotel-bettina.net\/en\/wp-json\/wp\/v2\/media?parent=105"}],"curies":[{"name":"wp","href":"https:\/\/api.w.org\/{rel}","templated":true}]}}