{"id":962,"date":"2017-04-26T07:22:07","date_gmt":"2017-04-26T07:22:07","guid":{"rendered":"http:\/\/demo.awethemes.com\/fleurdesel\/room-rates-grid-2\/"},"modified":"2024-11-14T18:57:00","modified_gmt":"2024-11-14T18:57:00","slug":"zimmer-preise","status":"publish","type":"page","link":"https:\/\/www.hotel-bettina.net\/de\/zimmer-preise\/","title":{"rendered":"Zimmer"},"content":{"rendered":"<div class=\"vc_row wpb_row vc_row-fluid vc_custom_1493183481123\">\n\t\t\t\t\n<div class=\"wpb_column vc_column_container vc_col-sm-12\"><div class=\"vc_column-inner\"><div class=\"wpb_wrapper\"><div class=\"fl-rooms  room-layout-grid row\">\n\t\n\t\n\t\t<div class=\"col-md-6 col-lg-6 post-1891 room_type type-room_type status-publish has-post-thumbnail hentry\">\n\t<div class=\"fleurdesel-room fleurdesel-room--grid\">\n\t\t<div class=\"fleurdesel-room__media\">\n\t\t\t\t\t\t\t<a href=\"https:\/\/www.hotel-bettina.net\/de\/room_type\/budget-einzelzimmer\/\">\n\t\t\t\t\t<img loading=\"lazy\" decoding=\"async\" width=\"600\" height=\"400\" src=\"https:\/\/www.hotel-bettina.net\/wp-content\/uploads\/2017\/06\/IMG_5123_cropped-600x400.jpg\" class=\"attachment-awebooking_archive size-awebooking_archive wp-post-image\" alt=\"\" srcset=\"https:\/\/www.hotel-bettina.net\/wp-content\/uploads\/2017\/06\/IMG_5123_cropped-600x400.jpg 600w, https:\/\/www.hotel-bettina.net\/wp-content\/uploads\/2017\/06\/IMG_5123_cropped-18x12.jpg 18w, https:\/\/www.hotel-bettina.net\/wp-content\/uploads\/2017\/06\/IMG_5123_cropped-900x600.jpg 900w\" sizes=\"auto, (max-width: 600px) 100vw, 600px\" \/>\t\t\t\t<\/a>\n\t\t\t\t\t<\/div>\n\n\t\t<div class=\"fleurdesel-room__data text-center\">\n\t\t\t<div class=\"fleurdesel-room__wrap\">\n\t\t\t\t<h2 class=\"fleurdesel-room__title h3\"><a href=\"https:\/\/www.hotel-bettina.net\/de\/room_type\/budget-einzelzimmer\/\" rel=\"bookmark\">Budget Einzelzimmer<\/a><\/h2>\n\t\t\t\t\n\t\t\t\t<p class=\"mb-0\">\n\t<a href=\"https:\/\/www.hotel-bettina.net\/de\/room_type\/budget-einzelzimmer\/\" class=\"fz-12 font-500 btn-view text-uppercase text-gray-8989 \">\n\t\tRoom Detail\t<\/a>\n<\/p>\n\t\t\t<\/div>\n\t\t<\/div>\n\t<\/div>\n<\/div>\n\n\t\n\t\t<div class=\"col-md-6 col-lg-6 post-1210 room_type type-room_type status-publish has-post-thumbnail hentry\">\n\t<div class=\"fleurdesel-room fleurdesel-room--grid\">\n\t\t<div class=\"fleurdesel-room__media\">\n\t\t\t\t\t\t\t<a href=\"https:\/\/www.hotel-bettina.net\/de\/room_type\/einzelzimmer-economy\/\">\n\t\t\t\t\t<img loading=\"lazy\" decoding=\"async\" width=\"600\" height=\"400\" src=\"https:\/\/www.hotel-bettina.net\/wp-content\/uploads\/2017\/06\/IMG_0389-600x400.jpg\" class=\"attachment-awebooking_archive size-awebooking_archive wp-post-image\" alt=\"\" srcset=\"https:\/\/www.hotel-bettina.net\/wp-content\/uploads\/2017\/06\/IMG_0389-600x400.jpg 600w, https:\/\/www.hotel-bettina.net\/wp-content\/uploads\/2017\/06\/IMG_0389-900x600.jpg 900w\" sizes=\"auto, (max-width: 600px) 100vw, 600px\" \/>\t\t\t\t<\/a>\n\t\t\t\t\t<\/div>\n\n\t\t<div class=\"fleurdesel-room__data text-center\">\n\t\t\t<div class=\"fleurdesel-room__wrap\">\n\t\t\t\t<h2 class=\"fleurdesel-room__title h3\"><a href=\"https:\/\/www.hotel-bettina.net\/de\/room_type\/einzelzimmer-economy\/\" rel=\"bookmark\">Einzelzimmer Economy<\/a><\/h2>\n\t\t\t\t\n<p class=\"fz-14 font-700 letter-spacing-3 text-uppercase text-color-1\">\n\tStart from <span><span class=\"awebooking-price \"><span class=\"awebooking-price__symbol\">&#36;<\/span><span class=\"awebooking-price__amount\">51<\/span><\/span><\/span>\/night<\/p>\n\n\t\t\t\t<p class=\"mb-0\">\n\t<a href=\"https:\/\/www.hotel-bettina.net\/de\/room_type\/einzelzimmer-economy\/\" class=\"fz-12 font-500 btn-view text-uppercase text-gray-8989 \">\n\t\tRoom Detail\t<\/a>\n<\/p>\n\t\t\t<\/div>\n\t\t<\/div>\n\t<\/div>\n<\/div>\n\n\t\n\t\t<div class=\"col-md-6 col-lg-6 post-1207 room_type type-room_type status-publish has-post-thumbnail hentry\">\n\t<div class=\"fleurdesel-room fleurdesel-room--grid\">\n\t\t<div class=\"fleurdesel-room__media\">\n\t\t\t\t\t\t\t<a href=\"https:\/\/www.hotel-bettina.net\/de\/room_type\/doppelzimmer\/\">\n\t\t\t\t\t<img loading=\"lazy\" decoding=\"async\" width=\"600\" height=\"400\" src=\"https:\/\/www.hotel-bettina.net\/wp-content\/uploads\/2017\/06\/Doppel-4-600x400.jpg\" class=\"attachment-awebooking_archive size-awebooking_archive wp-post-image\" alt=\"\" srcset=\"https:\/\/www.hotel-bettina.net\/wp-content\/uploads\/2017\/06\/Doppel-4-600x400.jpg 600w, https:\/\/www.hotel-bettina.net\/wp-content\/uploads\/2017\/06\/Doppel-4-300x200.jpg 300w, https:\/\/www.hotel-bettina.net\/wp-content\/uploads\/2017\/06\/Doppel-4-1024x683.jpg 1024w, https:\/\/www.hotel-bettina.net\/wp-content\/uploads\/2017\/06\/Doppel-4-768x512.jpg 768w, https:\/\/www.hotel-bettina.net\/wp-content\/uploads\/2017\/06\/Doppel-4-1536x1024.jpg 1536w, https:\/\/www.hotel-bettina.net\/wp-content\/uploads\/2017\/06\/Doppel-4-2048x1365.jpg 2048w, https:\/\/www.hotel-bettina.net\/wp-content\/uploads\/2017\/06\/Doppel-4-18x12.jpg 18w, https:\/\/www.hotel-bettina.net\/wp-content\/uploads\/2017\/06\/Doppel-4-900x600.jpg 900w\" sizes=\"auto, (max-width: 600px) 100vw, 600px\" \/>\t\t\t\t<\/a>\n\t\t\t\t\t<\/div>\n\n\t\t<div class=\"fleurdesel-room__data text-center\">\n\t\t\t<div class=\"fleurdesel-room__wrap\">\n\t\t\t\t<h2 class=\"fleurdesel-room__title h3\"><a href=\"https:\/\/www.hotel-bettina.net\/de\/room_type\/doppelzimmer\/\" rel=\"bookmark\">Doppelzimmer<\/a><\/h2>\n\t\t\t\t\n<p class=\"fz-14 font-700 letter-spacing-3 text-uppercase text-color-1\">\n\tStart from <span><span class=\"awebooking-price \"><span class=\"awebooking-price__symbol\">&#36;<\/span><span class=\"awebooking-price__amount\">120<\/span><\/span><\/span>\/night<\/p>\n\n\t\t\t\t<p class=\"mb-0\">\n\t<a href=\"https:\/\/www.hotel-bettina.net\/de\/room_type\/doppelzimmer\/\" class=\"fz-12 font-500 btn-view text-uppercase text-gray-8989 \">\n\t\tRoom Detail\t<\/a>\n<\/p>\n\t\t\t<\/div>\n\t\t<\/div>\n\t<\/div>\n<\/div>\n\n\t\n\t\t<div class=\"col-md-6 col-lg-6 post-1205 room_type type-room_type status-publish has-post-thumbnail hentry\">\n\t<div class=\"fleurdesel-room fleurdesel-room--grid\">\n\t\t<div class=\"fleurdesel-room__media\">\n\t\t\t\t\t\t\t<a href=\"https:\/\/www.hotel-bettina.net\/de\/room_type\/familienzimmer-fur-4-personen\/\">\n\t\t\t\t\t<img loading=\"lazy\" decoding=\"async\" width=\"600\" height=\"400\" src=\"https:\/\/www.hotel-bettina.net\/wp-content\/uploads\/2017\/06\/Familie-3-600x400.jpg\" class=\"attachment-awebooking_archive size-awebooking_archive wp-post-image\" alt=\"\" srcset=\"https:\/\/www.hotel-bettina.net\/wp-content\/uploads\/2017\/06\/Familie-3-600x400.jpg 600w, https:\/\/www.hotel-bettina.net\/wp-content\/uploads\/2017\/06\/Familie-3-300x200.jpg 300w, https:\/\/www.hotel-bettina.net\/wp-content\/uploads\/2017\/06\/Familie-3-1024x683.jpg 1024w, https:\/\/www.hotel-bettina.net\/wp-content\/uploads\/2017\/06\/Familie-3-768x512.jpg 768w, https:\/\/www.hotel-bettina.net\/wp-content\/uploads\/2017\/06\/Familie-3-1536x1024.jpg 1536w, https:\/\/www.hotel-bettina.net\/wp-content\/uploads\/2017\/06\/Familie-3-2048x1365.jpg 2048w, https:\/\/www.hotel-bettina.net\/wp-content\/uploads\/2017\/06\/Familie-3-18x12.jpg 18w, https:\/\/www.hotel-bettina.net\/wp-content\/uploads\/2017\/06\/Familie-3-900x600.jpg 900w\" sizes=\"auto, (max-width: 600px) 100vw, 600px\" \/>\t\t\t\t<\/a>\n\t\t\t\t\t<\/div>\n\n\t\t<div class=\"fleurdesel-room__data text-center\">\n\t\t\t<div class=\"fleurdesel-room__wrap\">\n\t\t\t\t<h2 class=\"fleurdesel-room__title h3\"><a href=\"https:\/\/www.hotel-bettina.net\/de\/room_type\/familienzimmer-fur-4-personen\/\" rel=\"bookmark\">Familienzimmer<\/a><\/h2>\n\t\t\t\t\n<p class=\"fz-14 font-700 letter-spacing-3 text-uppercase text-color-1\">\n\tStart from <span><span class=\"awebooking-price \"><span class=\"awebooking-price__symbol\">&#36;<\/span><span class=\"awebooking-price__amount\">500<\/span><\/span><\/span>\/night<\/p>\n\n\t\t\t\t<p class=\"mb-0\">\n\t<a href=\"https:\/\/www.hotel-bettina.net\/de\/room_type\/familienzimmer-fur-4-personen\/\" class=\"fz-12 font-500 btn-view text-uppercase text-gray-8989 \">\n\t\tRoom Detail\t<\/a>\n<\/p>\n\t\t\t<\/div>\n\t\t<\/div>\n\t<\/div>\n<\/div>\n\n\t\n\t<\/div>\n<\/div><\/div><\/div><\/div>\n","protected":false},"excerpt":{"rendered":"Familienfreundliches Familienzimmer mit Boxspringbett und Etagenbett &nbsp; Unser gro\u00dfz\u00fcgiges Familienzimmer bietet die perfekte L\u00f6sung f\u00fcr Familien : Ein komfortables Boxspringbett f\u00fcr erholsamen Schlaf und ein Etagenbett f\u00fcr die kleinen G\u00e4ste. Diese Zimmerkombination schafft eine gem\u00fctliche Atmosph\u00e4re f\u00fcr die ganze Familie und verbindet modernen Komfort mit ausreichend Platz f\u00fcr alle. &nbsp; Zimmerausstattung: &nbsp; Gro\u00dfes Boxspringbett \u2013 [...]","protected":false},"author":1,"featured_media":0,"parent":0,"menu_order":0,"comment_status":"closed","ping_status":"closed","template":"templates\/page-builder.php","meta":{"footnotes":""},"class_list":["post-962","page","type-page","status-publish","hentry"],"_links":{"self":[{"href":"https:\/\/www.hotel-bettina.net\/de\/wp-json\/wp\/v2\/pages\/962","targetHints":{"allow":["GET"]}}],"collection":[{"href":"https:\/\/www.hotel-bettina.net\/de\/wp-json\/wp\/v2\/pages"}],"about":[{"href":"https:\/\/www.hotel-bettina.net\/de\/wp-json\/wp\/v2\/types\/page"}],"author":[{"embeddable":true,"href":"https:\/\/www.hotel-bettina.net\/de\/wp-json\/wp\/v2\/users\/1"}],"replies":[{"embeddable":true,"href":"https:\/\/www.hotel-bettina.net\/de\/wp-json\/wp\/v2\/comments?post=962"}],"version-history":[{"count":7,"href":"https:\/\/www.hotel-bettina.net\/de\/wp-json\/wp\/v2\/pages\/962\/revisions"}],"predecessor-version":[{"id":1886,"href":"https:\/\/www.hotel-bettina.net\/de\/wp-json\/wp\/v2\/pages\/962\/revisions\/1886"}],"wp:attachment":[{"href":"https:\/\/www.hotel-bettina.net\/de\/wp-json\/wp\/v2\/media?parent=962"}],"curies":[{"name":"wp","href":"https:\/\/api.w.org\/{rel}","templated":true}]}}