{"id":89,"date":"2017-03-23T07:33:43","date_gmt":"2017-03-23T07:33:43","guid":{"rendered":"http:\/\/demo.awethemes.com\/fleurdesel\/?page_id=89"},"modified":"2024-11-14T16:58:29","modified_gmt":"2024-11-14T16:58:29","slug":"home-3","status":"publish","type":"page","link":"https:\/\/www.hotel-bettina.net\/de\/","title":{"rendered":"Willkommen"},"content":{"rendered":"<section class=\"vc_section vc_custom_1645528363525\"><div class=\"vc_row wpb_row vc_row-fluid vc_custom_1645528402739\">\n\t\t\t\t\n<div class=\"wpb_column vc_column_container vc_col-sm-12\"><div class=\"vc_column-inner\"><div class=\"wpb_wrapper\"><div class=\"vc_btn3-container vc_btn3-center\" ><a style=\"background-color:#2f08dd; color:#ffffff;\" class=\"vc_general vc_btn3 vc_btn3-size-lg vc_btn3-shape-rounded vc_btn3-style-custom\" href=\"https:\/\/zimmersoftware.de\/hotel-bettina\" title=\"Direkt buchen\">Angebote-Direkt buchen und sparen<\/a><\/div>\n\t<div class=\"wpb_text_column wpb_content_element \" >\n\t\t<div class=\"wpb_wrapper\">\n\t\t\t<div style=\"text-align: center;\"><\/div>\n<div style=\"text-align: center;\"><span class=\"font-size-16 lh-1\">Nutzen Sie die zentrale Lage unseres famili\u00e4r gef\u00fchrten 3 &#8211; Sterne Hotel Garnis f\u00fcr private Ausfl\u00fcge, Besuche im LEGOLAND DEUTSCHLAND, dem PEPPA PIG PARK G\u00fcnzburg, als Zwischenstopp ihrer Radtour oder als <\/span><span class=\"font-size-16 lh-1\">Ausgangspunkt Ihrer Gesch\u00e4ftsreise.<\/span><\/div>\n<div style=\"text-align: center;\"><\/div>\n<div style=\"text-align: center;\">Durch die zentrale Lage erreichen Sie die Freizeitparks LEGOLAND DEUTSCHLAND sowie den PEPPA PIG PARK G\u00fcnzburg in 8 min. mit dem PKW.<\/div>\n<div style=\"text-align: center;\"><\/div>\n<div style=\"text-align: center;\">Die Autobahn A8 erreichen Sie ebenso in wenigen Minuten.<\/div>\n<div style=\"text-align: center;\"><\/div>\n<div style=\"text-align: center;\"><span class=\"font-size-16 lh-1\">Kurze Wege (5 Gehminuten zum Supermarkt, 10 Gehminuten in die Altstadt, 5 Gehminuten ins Kino machen unser Hotel zu einem idealen Startpunkt <\/span><span class=\"font-size-16 lh-1\">f\u00fcr Urlauber und Gesch\u00e4ftsleute.<\/span><\/div>\n<div style=\"text-align: center;\"><span class=\"font-size-16 lh-1\">\u00a0<\/span><\/div>\n<div style=\"text-align: center;\"><span class=\"font-size-16 lh-1\">Unser 3 &#8211; Sterne Hotel Garni verf\u00fcgt \u00fcber 20 Zimmer mit 40 Betten sowie einen kostenlosen hoteleigenen Parkplatz. Im Empfangsbereich erhalten Sie ganzt\u00e4gig kostenlos eine gro\u00dfe Auswahl an Tees. <\/span><\/div>\n<div style=\"text-align: center;\"><\/div>\n<div style=\"text-align: center;\"><span class=\"font-size-16 lh-1\">Zudem steht Ihnen ein Kaffevollautomat und ein Getr\u00e4nkek\u00fchlschrank zur Verf\u00fcgung, wo Sie sich zum &#8222;kleinen Preis&#8220; selbst versorgen k\u00f6nnen.<\/span><\/div>\n<div style=\"text-align: center;\"><\/div>\n<div style=\"text-align: center;\">F\u00fcr unsere kleinen G\u00e4ste haben wir\u00a0 ein Spielzimmer mit Legosteinen, Kaufladen u.v.m.\u00a0 eingerichtet.<\/div>\n<div style=\"text-align: center;\"><\/div>\n<div style=\"text-align: center;\"><span class=\"font-size-16 lh-1\">\u00a0 Alle Zimmer sind modern und komfortabel eingerichtet und sind ebenso wie die<\/span> <span class=\"font-size-16 lh-1\">\u00f6ffentlichen Bereiche, mit einer individuell regulierbaren Klimaanlage ausgestattet<\/span><span class=\"font-size-16 lh-1\">.<\/span><\/div>\n<div style=\"text-align: center;\"><span class=\"font-size-16 lh-1\">\u00a0<\/span><\/div>\n<div style=\"text-align: center;\"><span class=\"font-size-16 lh-1\">WLAN<\/span><span class=\"font-size-16 lh-1\"> steht Ihnen im gesamten Hotel kostenfrei zur Verf\u00fcgung.<\/span><\/div>\n<div style=\"text-align: center;\"><\/div>\n<div style=\"text-align: center;\">Die Rezeption ist t\u00e4glich von 6.30 Uhr bis 12.00 Uhr sowie von 15.00 Uhr bis 20.00 Uhr besetzt.<\/div>\n<div style=\"text-align: center;\">Eine Anreise nach 20.00 Uhr ist anhand unserer Schl\u00fcsselboxen, nach vorheriger Absprache, jederzeit m\u00f6glich.<\/div>\n<div style=\"text-align: center;\"><\/div>\n<div style=\"text-align: center;\">Ihr Gep\u00e4ck k\u00f6nnen Sie am An- oder Abreisetag gerne bei uns unterstellen, bis Sie abreisen oder ihr Zimmer beziehen k\u00f6nnen.<\/div>\n\n\t\t<\/div>\n\t<\/div>\n<\/div><\/div><\/div><\/div><\/section><div class=\"vc_row wpb_row vc_row-fluid\">\n\t\t\t\t\n<div class=\"wpb_column vc_column_container vc_col-sm-12\"><div class=\"vc_column-inner\"><div class=\"wpb_wrapper\">\n\t<div class=\"wpb_text_column wpb_content_element \" >\n\t\t<div class=\"wpb_wrapper\">\n\t\t\t\n\t\t<\/div>\n\t<\/div>\n<\/div><\/div><\/div><\/div><div class=\"vc_row wpb_row vc_row-fluid\">\n\t\t\t\t\n<div class=\"wpb_column vc_column_container vc_col-sm-12\"><div class=\"vc_column-inner\"><div class=\"wpb_wrapper\">\n\t<div class=\"wpb_text_column wpb_content_element \" >\n\t\t<div class=\"wpb_wrapper\">\n\t\t\t\n\t\t<\/div>\n\t<\/div>\n<\/div><\/div><\/div><\/div><div class=\"vc_row wpb_row vc_row-fluid\">\n\t\t\t\t\n<div class=\"wpb_column vc_column_container vc_col-sm-12\"><div class=\"vc_column-inner\"><div class=\"wpb_wrapper\">\n\t<div class=\"wpb_text_column wpb_content_element \" >\n\t\t<div class=\"wpb_wrapper\">\n\t\t\t\n\t\t<\/div>\n\t<\/div>\n<\/div><\/div><\/div><\/div><section class=\"vc_section vc_custom_1491882558483\"><div class=\"vc_row wpb_row vc_row-fluid vc_custom_1491882497222\">\n\t\t\t\t\n<div class=\"wpb_column vc_column_container vc_col-sm-12\"><div class=\"vc_column-inner\"><div class=\"wpb_wrapper\"><div class=\"fleurdesel-heading  text-center\">\n\t<p class=\"fleurdesel__meta font-600 text-color-1\">Ein \u00dcberblick:<\/p><h2 class=\"fleurdesel__title h1 fz-Default\">Unsere Services f\u00fcr Sie<\/h2><\/div>\n<\/div><\/div><\/div><\/div><div class=\"vc_row wpb_row vc_row-fluid\">\n\t\t\t\t\n<div class=\"wpb_column vc_column_container vc_col-sm-12\"><div class=\"vc_column-inner\"><div class=\"wpb_wrapper\">\n\t<div class=\"wpb_text_column wpb_content_element \" >\n\t\t<div class=\"wpb_wrapper\">\n\t\t\t\n\t\t<\/div>\n\t<\/div>\n<\/div><\/div><\/div><\/div><div class=\"vc_row wpb_row vc_row-fluid\">\n\t\t\t\t\n<div class=\"wpb_column vc_column_container vc_col-sm-12\"><div class=\"vc_column-inner\"><div class=\"wpb_wrapper\">\n\t<div class=\"wpb_text_column wpb_content_element \" >\n\t\t<div class=\"wpb_wrapper\">\n\t\t\t\n\t\t<\/div>\n\t<\/div>\n<\/div><\/div><\/div><\/div><div class=\"vc_row wpb_row vc_row-fluid\">\n\t\t\t\t\n<div class=\"wpb_column vc_column_container vc_col-sm-12\"><div class=\"vc_column-inner\"><div class=\"wpb_wrapper\">\n\t<div class=\"wpb_text_column wpb_content_element \" >\n\t\t<div class=\"wpb_wrapper\">\n\t\t\t\n\t\t<\/div>\n\t<\/div>\n<\/div><\/div><\/div><\/div><div class=\"vc_row wpb_row vc_row-fluid\">\n\t\t\t\t\n<div class=\"wpb_column vc_column_container vc_col-sm-6 vc_hidden-lg vc_hidden-md\"><div class=\"vc_column-inner\"><div class=\"wpb_wrapper\"><div class=\"fleurdesel-iconbox  fleurdesel-iconbox--border text-center\">\n\t<div class=\"fleurdesel-iconbox__wrap\">\n\t\t\t\t\t<div class=\"fleurdesel-iconbox__media h1 text-color-1 mb-15\" >\n\t\t\t\t<i class=\"fh fh-klimaanlage\"><\/i>\t\t\t<\/div>\n\t\t\t<!-- \/.fleurdesel-iconbox -->\n\t\t\n\t\t<div class=\"fleurdesel-iconbox__data\">\n\t\t\t\t\t\t\t<h2 class=\"fleurdesel-iconbox__title font-2 font-500 h6 mb-20\" >\n\t\t\t\t\t\t\t\t\t\t\tKlimaanlage\t\t\t\t\t\t\t\t\t<\/h2>\n\t\t\t\n\t\t\t\t\t<\/div>\n\t\t<!-- \/.fleurdesel-iconbox__info -->\n\t<\/div>\n<\/div>\n<\/div><\/div><\/div><div class=\"wpb_column vc_column_container vc_col-sm-6 vc_hidden-lg vc_hidden-md\"><div class=\"vc_column-inner\"><div class=\"wpb_wrapper\"><div class=\"fleurdesel-iconbox  fleurdesel-iconbox--border text-center\">\n\t<div class=\"fleurdesel-iconbox__wrap\">\n\t\t\t\t\t<div class=\"fleurdesel-iconbox__media h1 text-color-1 mb-15\" >\n\t\t\t\t<i class=\"fh fh-location\"><\/i>\t\t\t<\/div>\n\t\t\t<!-- \/.fleurdesel-iconbox -->\n\t\t\n\t\t<div class=\"fleurdesel-iconbox__data\">\n\t\t\t\t\t\t\t<h2 class=\"fleurdesel-iconbox__title font-2 font-500 h6 mb-20\" >\n\t\t\t\t\t\t\t\t\t\t\tzentrale Lage\t\t\t\t\t\t\t\t\t<\/h2>\n\t\t\t\n\t\t\t\t\t<\/div>\n\t\t<!-- \/.fleurdesel-iconbox__info -->\n\t<\/div>\n<\/div>\n<\/div><\/div><\/div><\/div><div class=\"vc_row wpb_row vc_row-fluid\">\n\t\t\t\t\n<div class=\"wpb_column vc_column_container vc_col-sm-12\"><div class=\"vc_column-inner\"><div class=\"wpb_wrapper\">\n\t<div class=\"wpb_text_column wpb_content_element \" >\n\t\t<div class=\"wpb_wrapper\">\n\t\t\t\n\t\t<\/div>\n\t<\/div>\n<\/div><\/div><\/div><\/div><div class=\"vc_row wpb_row vc_row-fluid\">\n\t\t\t\t\n<div class=\"wpb_column vc_column_container vc_col-sm-12\"><div class=\"vc_column-inner\"><div class=\"wpb_wrapper\">\n\t<div class=\"wpb_text_column wpb_content_element \" >\n\t\t<div class=\"wpb_wrapper\">\n\t\t\t\n\t\t<\/div>\n\t<\/div>\n<\/div><\/div><\/div><\/div><div class=\"vc_row wpb_row vc_row-fluid\">\n\t\t\t\t\n<div class=\"wpb_column vc_column_container vc_col-sm-12\"><div class=\"vc_column-inner\"><div class=\"wpb_wrapper\">\n\t<div class=\"wpb_text_column wpb_content_element \" >\n\t\t<div class=\"wpb_wrapper\">\n\t\t\t\n\t\t<\/div>\n\t<\/div>\n<\/div><\/div><\/div><\/div><div class=\"vc_row wpb_row vc_row-fluid\">\n\t\t\t\t\n<div class=\"wpb_column vc_column_container vc_col-sm-6 vc_hidden-lg vc_hidden-md\"><div class=\"vc_column-inner\"><div class=\"wpb_wrapper\"><div class=\"fleurdesel-iconbox  fleurdesel-iconbox--border text-center\">\n\t<div class=\"fleurdesel-iconbox__wrap\">\n\t\t\t\t\t<div class=\"fleurdesel-iconbox__media h1 text-color-1 mb-15\" >\n\t\t\t\t<i class=\"fh fh-parking\"><\/i>\t\t\t<\/div>\n\t\t\t<!-- \/.fleurdesel-iconbox -->\n\t\t\n\t\t<div class=\"fleurdesel-iconbox__data\">\n\t\t\t\t\t\t\t<h2 class=\"fleurdesel-iconbox__title font-2 font-500 h6 mb-20\" >\n\t\t\t\t\t\t\t\t\t\t\teigener Parkplatz\t\t\t\t\t\t\t\t\t<\/h2>\n\t\t\t\n\t\t\t\t\t<\/div>\n\t\t<!-- \/.fleurdesel-iconbox__info -->\n\t<\/div>\n<\/div>\n<\/div><\/div><\/div><div class=\"wpb_column vc_column_container vc_col-sm-6 vc_hidden-lg vc_hidden-md\"><div class=\"vc_column-inner\"><div class=\"wpb_wrapper\"><div class=\"fleurdesel-iconbox  fleurdesel-iconbox--border text-center\">\n\t<div class=\"fleurdesel-iconbox__wrap\">\n\t\t\t\t\t<div class=\"fleurdesel-iconbox__media h1 text-color-1 mb-15\" >\n\t\t\t\t<i class=\"fh fh-wifi\"><\/i>\t\t\t<\/div>\n\t\t\t<!-- \/.fleurdesel-iconbox -->\n\t\t\n\t\t<div class=\"fleurdesel-iconbox__data\">\n\t\t\t\t\t\t\t<h2 class=\"fleurdesel-iconbox__title font-2 font-500 h6 mb-20\" >\n\t\t\t\t\t\t\t\t\t\t\tkostenloses WLAN\t\t\t\t\t\t\t\t\t<\/h2>\n\t\t\t\n\t\t\t\t\t<\/div>\n\t\t<!-- \/.fleurdesel-iconbox__info -->\n\t<\/div>\n<\/div>\n<\/div><\/div><\/div><\/div><div class=\"vc_row wpb_row vc_row-fluid\">\n\t\t\t\t\n<div class=\"wpb_column vc_column_container vc_col-sm-12\"><div class=\"vc_column-inner\"><div class=\"wpb_wrapper\">\n\t<div class=\"wpb_text_column wpb_content_element \" >\n\t\t<div class=\"wpb_wrapper\">\n\t\t\t\n\t\t<\/div>\n\t<\/div>\n<\/div><\/div><\/div><\/div><div class=\"vc_row wpb_row vc_row-fluid\">\n\t\t\t\t\n<div class=\"wpb_column vc_column_container vc_col-sm-12\"><div class=\"vc_column-inner\"><div class=\"wpb_wrapper\">\n\t<div class=\"wpb_text_column wpb_content_element \" >\n\t\t<div class=\"wpb_wrapper\">\n\t\t\t\n\t\t<\/div>\n\t<\/div>\n<\/div><\/div><\/div><\/div><div class=\"vc_row wpb_row vc_row-fluid\">\n\t\t\t\t\n<div class=\"wpb_column vc_column_container vc_col-sm-12\"><div class=\"vc_column-inner\"><div class=\"wpb_wrapper\">\n\t<div class=\"wpb_text_column wpb_content_element \" >\n\t\t<div class=\"wpb_wrapper\">\n\t\t\t\n\t\t<\/div>\n\t<\/div>\n<\/div><\/div><\/div><\/div><div class=\"vc_row wpb_row vc_row-fluid vc_custom_1631891630652\">\n\t\t\t\t\n<div class=\"wpb_column vc_column_container vc_col-sm-6 vc_col-lg-4 vc_col-md-6 vc_hidden-sm vc_hidden-xs\"><div class=\"vc_column-inner\"><div class=\"wpb_wrapper\"><div class=\"fleurdesel-iconbox  fleurdesel-iconbox--border text-center\">\n\t<div class=\"fleurdesel-iconbox__wrap\">\n\t\t\t\t\t<div class=\"fleurdesel-iconbox__media h1 text-color-1 mb-15\" >\n\t\t\t\t<i class=\"fh fh-parking\"><\/i>\t\t\t<\/div>\n\t\t\t<!-- \/.fleurdesel-iconbox -->\n\t\t\n\t\t<div class=\"fleurdesel-iconbox__data\">\n\t\t\t\t\t\t\t<h2 class=\"fleurdesel-iconbox__title font-2 font-500 h6 mb-20\" >\n\t\t\t\t\t\t\t\t\t\t\teigener Parkplatz\t\t\t\t\t\t\t\t\t<\/h2>\n\t\t\t\n\t\t\t\t\t<\/div>\n\t\t<!-- \/.fleurdesel-iconbox__info -->\n\t<\/div>\n<\/div>\n<\/div><\/div><\/div><div class=\"wpb_column vc_column_container vc_col-sm-6 vc_col-lg-4 vc_col-md-6 vc_hidden-sm vc_hidden-xs\"><div class=\"vc_column-inner\"><div class=\"wpb_wrapper\"><div class=\"fleurdesel-iconbox  fleurdesel-iconbox--border text-center\">\n\t<div class=\"fleurdesel-iconbox__wrap\">\n\t\t\t\t\t<div class=\"fleurdesel-iconbox__media h1 text-color-1 mb-15\" >\n\t\t\t\t<i class=\"fh fh-wifi\"><\/i>\t\t\t<\/div>\n\t\t\t<!-- \/.fleurdesel-iconbox -->\n\t\t\n\t\t<div class=\"fleurdesel-iconbox__data\">\n\t\t\t\t\t\t\t<h2 class=\"fleurdesel-iconbox__title font-2 font-500 h6 mb-20\" >\n\t\t\t\t\t\t\t\t\t\t\tkostenloses WLAN\t\t\t\t\t\t\t\t\t<\/h2>\n\t\t\t\n\t\t\t\t\t<\/div>\n\t\t<!-- \/.fleurdesel-iconbox__info -->\n\t<\/div>\n<\/div>\n<\/div><\/div><\/div><\/div><div class=\"vc_row wpb_row vc_row-fluid\">\n\t\t\t\t\n<div class=\"wpb_column vc_column_container vc_col-sm-12\"><div class=\"vc_column-inner\"><div class=\"wpb_wrapper\">\n\t<div class=\"wpb_text_column wpb_content_element \" >\n\t\t<div class=\"wpb_wrapper\">\n\t\t\t\n\t\t<\/div>\n\t<\/div>\n<\/div><\/div><\/div><\/div><div class=\"vc_row wpb_row vc_row-fluid\">\n\t\t\t\t\n<div class=\"wpb_column vc_column_container vc_col-sm-12\"><div class=\"vc_column-inner\"><div class=\"wpb_wrapper\">\n\t<div class=\"wpb_text_column wpb_content_element \" >\n\t\t<div class=\"wpb_wrapper\">\n\t\t\t\n\t\t<\/div>\n\t<\/div>\n<\/div><\/div><\/div><\/div><div class=\"vc_row wpb_row vc_row-fluid\">\n\t\t\t\t\n<div class=\"wpb_column vc_column_container vc_col-sm-12\"><div class=\"vc_column-inner\"><div class=\"wpb_wrapper\">\n\t<div class=\"wpb_text_column wpb_content_element \" >\n\t\t<div class=\"wpb_wrapper\">\n\t\t\t\n\t\t<\/div>\n\t<\/div>\n<\/div><\/div><\/div><\/div><div class=\"vc_row wpb_row vc_row-fluid vc_custom_1645525956747\">\n\t\t\t\t\n<div class=\"wpb_column vc_column_container vc_col-sm-6 vc_col-lg-4 vc_col-md-6 vc_hidden-sm vc_hidden-xs\"><div class=\"vc_column-inner\"><div class=\"wpb_wrapper\"><div class=\"fleurdesel-iconbox  fleurdesel-iconbox--border text-center\">\n\t<div class=\"fleurdesel-iconbox__wrap\">\n\t\t\t\t\t<div class=\"fleurdesel-iconbox__media h1 text-color-1 mb-15\" >\n\t\t\t\t<i class=\"fh fh-klimaanlage\"><\/i>\t\t\t<\/div>\n\t\t\t<!-- \/.fleurdesel-iconbox -->\n\t\t\n\t\t<div class=\"fleurdesel-iconbox__data\">\n\t\t\t\t\t\t\t<h2 class=\"fleurdesel-iconbox__title font-2 font-500 h6 mb-20\" >\n\t\t\t\t\t\t\t\t\t\t\tKlimaanlage\t\t\t\t\t\t\t\t\t<\/h2>\n\t\t\t\n\t\t\t\t\t<\/div>\n\t\t<!-- \/.fleurdesel-iconbox__info -->\n\t<\/div>\n<\/div>\n<\/div><\/div><\/div><div class=\"wpb_column vc_column_container vc_col-sm-6 vc_col-lg-4 vc_col-md-6 vc_hidden-sm vc_hidden-xs\"><div class=\"vc_column-inner\"><div class=\"wpb_wrapper\"><div class=\"fleurdesel-iconbox  fleurdesel-iconbox--border text-center\">\n\t<div class=\"fleurdesel-iconbox__wrap\">\n\t\t\t\t\t<div class=\"fleurdesel-iconbox__media h1 text-color-1 mb-15\" >\n\t\t\t\t<i class=\"fh fh-location\"><\/i>\t\t\t<\/div>\n\t\t\t<!-- \/.fleurdesel-iconbox -->\n\t\t\n\t\t<div class=\"fleurdesel-iconbox__data\">\n\t\t\t\t\t\t\t<h2 class=\"fleurdesel-iconbox__title font-2 font-500 h6 mb-20\" >\n\t\t\t\t\t\t\t\t\t\t\tzentrale Lage\t\t\t\t\t\t\t\t\t<\/h2>\n\t\t\t\n\t\t\t\t\t<\/div>\n\t\t<!-- \/.fleurdesel-iconbox__info -->\n\t<\/div>\n<\/div>\n<\/div><\/div><\/div><\/div><\/section><div class=\"vc_row wpb_row vc_row-fluid\">\n\t\t\t\t\n<div class=\"wpb_column vc_column_container vc_col-sm-12\"><div class=\"vc_column-inner\"><div class=\"wpb_wrapper\">\n\t<div class=\"wpb_text_column wpb_content_element \" >\n\t\t<div class=\"wpb_wrapper\">\n\t\t\t\n\t\t<\/div>\n\t<\/div>\n<\/div><\/div><\/div><\/div><div class=\"vc_row wpb_row vc_row-fluid\">\n\t\t\t\t\n<div class=\"wpb_column vc_column_container vc_col-sm-12\"><div class=\"vc_column-inner\"><div class=\"wpb_wrapper\">\n\t<div class=\"wpb_text_column wpb_content_element \" >\n\t\t<div class=\"wpb_wrapper\">\n\t\t\t\n\t\t<\/div>\n\t<\/div>\n<\/div><\/div><\/div><\/div><div class=\"vc_row wpb_row vc_row-fluid\">\n\t\t\t\t\n<div class=\"wpb_column vc_column_container vc_col-sm-12\"><div class=\"vc_column-inner\"><div class=\"wpb_wrapper\">\n\t<div class=\"wpb_text_column wpb_content_element \" >\n\t\t<div class=\"wpb_wrapper\">\n\t\t\t\n\t\t<\/div>\n\t<\/div>\n<\/div><\/div><\/div><\/div><div class=\"vc_row wpb_row vc_row-fluid vc_custom_1645525995636\">\n\t\t\t\t\n<div class=\"wpb_column vc_column_container vc_col-sm-12\"><div class=\"vc_column-inner\"><div class=\"wpb_wrapper\"><div class=\"vc_btn3-container vc_btn3-center\" ><a style=\"background-color:#1a5599; color:#ffffff;\" class=\"vc_general vc_btn3 vc_btn3-size-lg vc_btn3-shape-rounded vc_btn3-style-custom\" href=\"https:\/\/www.hotel-bettina.net\/angebote\/\" title=\"Angebote\" target=\"_blank\">DIREKT BUCHEN<\/a><\/div><\/div><\/div><\/div><\/div>\n","protected":false},"excerpt":{"rendered":"Angebote-Direkt buchen und sparen Nutzen Sie die zentrale Lage unseres famili\u00e4r gef\u00fchrten 3 - Sterne Hotel Garnis f\u00fcr private Ausfl\u00fcge, Besuche im LEGOLAND DEUTSCHLAND, dem PEPPA PIG PARK G\u00fcnzburg, als Zwischenstopp ihrer Radtour oder als Ausgangspunkt Ihrer Gesch\u00e4ftsreise. Durch die zentrale Lage erreichen Sie die Freizeitparks LEGOLAND DEUTSCHLAND sowie den PEPPA PIG PARK G\u00fcnzburg in [...]","protected":false},"author":1,"featured_media":0,"parent":0,"menu_order":0,"comment_status":"closed","ping_status":"closed","template":"templates\/page-builder.php","meta":{"footnotes":""},"class_list":["post-89","page","type-page","status-publish","hentry"],"_links":{"self":[{"href":"https:\/\/www.hotel-bettina.net\/de\/wp-json\/wp\/v2\/pages\/89","targetHints":{"allow":["GET"]}}],"collection":[{"href":"https:\/\/www.hotel-bettina.net\/de\/wp-json\/wp\/v2\/pages"}],"about":[{"href":"https:\/\/www.hotel-bettina.net\/de\/wp-json\/wp\/v2\/types\/page"}],"author":[{"embeddable":true,"href":"https:\/\/www.hotel-bettina.net\/de\/wp-json\/wp\/v2\/users\/1"}],"replies":[{"embeddable":true,"href":"https:\/\/www.hotel-bettina.net\/de\/wp-json\/wp\/v2\/comments?post=89"}],"version-history":[{"count":72,"href":"https:\/\/www.hotel-bettina.net\/de\/wp-json\/wp\/v2\/pages\/89\/revisions"}],"predecessor-version":[{"id":1867,"href":"https:\/\/www.hotel-bettina.net\/de\/wp-json\/wp\/v2\/pages\/89\/revisions\/1867"}],"wp:attachment":[{"href":"https:\/\/www.hotel-bettina.net\/de\/wp-json\/wp\/v2\/media?parent=89"}],"curies":[{"name":"wp","href":"https:\/\/api.w.org\/{rel}","templated":true}]}}