{"id":1871,"date":"2024-11-14T17:34:06","date_gmt":"2024-11-14T17:34:06","guid":{"rendered":"https:\/\/www.hotel-bettina.net\/?page_id=1871"},"modified":"2026-04-04T11:43:04","modified_gmt":"2026-04-04T11:43:04","slug":"peppa-pig-park","status":"publish","type":"page","link":"https:\/\/www.hotel-bettina.net\/de\/peppa-pig-park\/","title":{"rendered":"Peppa Pig Park"},"content":{"rendered":"<p style=\"text-align: center;\">\n<p style=\"text-align: center;\">Verbringen Sie Ihren Familienurlaub bei uns und erleben Sie den zauberhaften Peppa Pig Park ganz in der N\u00e4he.<\/p>\n<p style=\"text-align: center;\">Der beliebte Freizeitpark, inspiriert von der weltbekannten Serie, l\u00e4dt Kinder und Eltern ein, in die bunte Welt von Peppa, Schorsch und ihren Freunden einzutauchen. Perfekt f\u00fcr kleine Entdecker und Peppa Pig-Fans!<\/p>\n<p style=\"text-align: center;\"><strong>Ihre Vorteile bei uns:<\/strong><\/p>\n<ul style=\"text-align: center;\">\n<li>Nur wenige Minuten entfernt \u2013 Unser Hotel bietet die ideale Lage f\u00fcr einen entspannten Besuch im Peppa Pig Park, ohne lange Anfahrten.<\/li>\n<li>Familienfreundliche Zimmer \u2013 Komfortable und ger\u00e4umige Zimmer f\u00fcr Gro\u00df und Klein, in denen Sie sich rundum wohlf\u00fchlen.<\/li>\n<li>Fr\u00fchst\u00fcck inklusive \u2013 Starten Sie mit einem leckeren Fr\u00fchst\u00fcck bei uns und sind gest\u00e4rkt f\u00fcr den Tag voller Abenteuer.<\/li>\n<li><\/li>\n<\/ul>\n<p style=\"text-align: center;\"><strong>Ein Tag voller Spa\u00df im Peppa Pig Park:<\/strong><\/p>\n<p style=\"text-align: center;\">Im Peppa Pig Park erwarten Sie liebevoll gestaltete Attraktionen, interaktive Spielbereiche und spannende Shows, die Kinderaugen zum Leuchten bringen. Ob eine Fahrt mit dem Peppa Pig Zug, das Entdecken von Peppas Haus oder das Springen in den ber\u00fchmten Matschpf\u00fctzen \u2013 hier werden Tr\u00e4ume wahr!<\/p>\n<p style=\"text-align: center;\">Buchen Sie jetzt bei uns und freuen Sie sich auf eine magische Zeit im Peppa Pig Park!<\/p>\n<p>&nbsp;<\/p>\n","protected":false},"excerpt":{"rendered":"<p>Verbringen Sie Ihren Familienurlaub bei uns und erleben Sie den zauberhaften Peppa Pig Park ganz in der N\u00e4he. Der beliebte Freizeitpark, inspiriert von der weltbekannten Serie, l\u00e4dt Kinder und Eltern ein, in die bunte Welt von Peppa, Schorsch und ihren Freunden einzutauchen. Perfekt f\u00fcr kleine Entdecker und Peppa Pig-Fans! Ihre Vorteile bei uns: Nur wenige [&hellip;]<\/p>\n","protected":false},"author":1,"featured_media":0,"parent":0,"menu_order":0,"comment_status":"closed","ping_status":"closed","template":"","meta":{"footnotes":""},"class_list":["post-1871","page","type-page","status-publish","hentry"],"_links":{"self":[{"href":"https:\/\/www.hotel-bettina.net\/de\/wp-json\/wp\/v2\/pages\/1871","targetHints":{"allow":["GET"]}}],"collection":[{"href":"https:\/\/www.hotel-bettina.net\/de\/wp-json\/wp\/v2\/pages"}],"about":[{"href":"https:\/\/www.hotel-bettina.net\/de\/wp-json\/wp\/v2\/types\/page"}],"author":[{"embeddable":true,"href":"https:\/\/www.hotel-bettina.net\/de\/wp-json\/wp\/v2\/users\/1"}],"replies":[{"embeddable":true,"href":"https:\/\/www.hotel-bettina.net\/de\/wp-json\/wp\/v2\/comments?post=1871"}],"version-history":[{"count":6,"href":"https:\/\/www.hotel-bettina.net\/de\/wp-json\/wp\/v2\/pages\/1871\/revisions"}],"predecessor-version":[{"id":1901,"href":"https:\/\/www.hotel-bettina.net\/de\/wp-json\/wp\/v2\/pages\/1871\/revisions\/1901"}],"wp:attachment":[{"href":"https:\/\/www.hotel-bettina.net\/de\/wp-json\/wp\/v2\/media?parent=1871"}],"curies":[{"name":"wp","href":"https:\/\/api.w.org\/{rel}","templated":true}]}}