{"id":1577,"date":"2022-02-22T10:49:03","date_gmt":"2022-02-22T10:49:03","guid":{"rendered":"https:\/\/www.hotel-bettina.net\/?page_id=1577"},"modified":"2023-01-30T15:33:54","modified_gmt":"2023-01-30T15:33:54","slug":"corona-infos","status":"publish","type":"page","link":"https:\/\/www.hotel-bettina.net\/de\/corona-infos\/","title":{"rendered":"Corona Infos"},"content":{"rendered":"<p>&nbsp;<\/p>\n<h4 class=\"size-16\"><span class=\"font-size-16\">Hygienekonzept Corona &#8211; G\u00e4steinformation<\/span><\/h4>\n<p>&nbsp;<\/p>\n<h6 class=\"size-16\"><span class=\"font-size-16\">Unser Schutzkonzept f\u00fcr Sie<\/span><\/h6>\n<p class=\"size-16\"><span class=\"font-size-16\"><br \/>\nLiebe G\u00e4ste,<\/span><\/p>\n<p>es liegt uns am Herzen, Ihren Aufenthalt bei uns so angenehm und sicher wie m\u00f6glich zu gestalten. Hierzu haben wir ein eigenes Schutzkonzept f\u00fcr Sie und unsere Mitarbeiter entwickelt. Dieses wird laufend den amtlichen Verordnungen angepasst.<\/p>\n<p>&nbsp;<\/p>\n<p><strong><span class=\"font-size-16\">Im Einzelnen sind es folgende Ma\u00dfnahmen:<\/span><\/strong><\/p>\n<ul>\n<li class=\"size-16\"><span class=\"font-size-16\">Die fl\u00e4chendeckende Grundreinigung und Desinfektion sind im Hotel Bettina Standard.<\/span><\/li>\n<li class=\"size-16\"><span class=\"font-size-16\">Erh\u00f6hte Desinfektion aller Kontaktfl\u00e4chen (T\u00fcrklinken, Tische, Sessel, etc.).<\/span><\/li>\n<li class=\"size-16\">Die M\u00f6glichkeit der Handdesinfektion ist in allen \u00f6ffentlichen Bereichen gew\u00e4hrleistet.<\/li>\n<li class=\"size-16\">Ihr gebuchtes Zimmer wurde nach strengen Auflagen gereinigt und desinfiziert und von unserer Hausdame abgenommen.<\/li>\n<li class=\"size-16\">F\u00fcr Ihren pers\u00f6nlichen Gebrauch k\u00f6nnen Sie Schutzmasken an der Rezeption erwerben.<\/li>\n<li class=\"size-16\">Alle Mitarbeiter sind in ihrem T\u00e4tigkeitsbereich nachhaltig geschult und werden tagesaktuell \u00fcber \u00c4nderungen informiert.<\/li>\n<li class=\"size-16\">Alle Mitarbeiter sind geimpft und geboostert.<\/li>\n<\/ul>\n<p class=\"size-16\"><span class=\"font-size-16\"><br \/>\n<\/span><strong><span class=\"font-size-16\">Anreise:<\/span><\/strong><\/p>\n<p class=\"size-16\"><span style=\"color: red;\">Es entfallen im Gastgewerbe alle Corona-bedingten Ma\u00dfnahmen.<\/p>\n<p><\/span><\/p>\n<p class=\"m-size-11 size-16\"><span class=\"font-size-16 m-font-size-11\">F\u00fcr genauere Informationen besuchen Sie bitte die Seite <a href=\"https:\/\/www.landkreis-guenzburg.de\/\">www.landkreis-guenzburg.de<\/a>.<\/span><\/p>\n<p class=\"size-16\"><strong><span class=\"font-size-16\"><br \/>\n<\/span><span class=\"font-size-16\">Check-In:<\/span><\/strong><\/p>\n<p class=\"size-16\"><span class=\"font-size-16\">Wir freuen uns, Sie wieder zu sehen, d\u00fcrfen Ihnen aber leider nicht die Hand sch\u00fctteln.<br \/>\n<\/span><\/p>\n<p class=\"size-16\"><span class=\"font-size-16\">Alles, was wir Ihnen \u00fcberreichen, entspricht den geltenden Hygienevorschriften.<\/span><\/p>\n<p>&nbsp;<\/p>\n<p class=\"m-size-13 size-16\"><strong><span class=\"m-font-size-13 font-size-16\">Fr\u00fchst\u00fccksregelung:<\/span><\/strong><\/p>\n<p>Offenes Buffet ohne Einschr\u00e4nkungen.<\/p>\n<p>&nbsp;<\/p>\n<h4 class=\"size-16\"><em><span class=\"font-size-16\">\u00a0Ihr Hotel Bettina Team<\/span><\/em><\/h4>\n<p>&nbsp;<\/p>\n<p class=\"size-10\"><span class=\"font-size-10\"><small>Stand 20.01.2023<\/small><\/span><\/p>\n<p>&nbsp;<\/p>\n","protected":false},"excerpt":{"rendered":"<p>&nbsp; Hygienekonzept Corona &#8211; G\u00e4steinformation &nbsp; Unser Schutzkonzept f\u00fcr Sie Liebe G\u00e4ste, es liegt uns am Herzen, Ihren Aufenthalt bei uns so angenehm und sicher wie m\u00f6glich zu gestalten. Hierzu haben wir ein eigenes Schutzkonzept f\u00fcr Sie und unsere Mitarbeiter entwickelt. Dieses wird laufend den amtlichen Verordnungen angepasst. &nbsp; Im Einzelnen sind es folgende Ma\u00dfnahmen: [&hellip;]<\/p>\n","protected":false},"author":1,"featured_media":0,"parent":0,"menu_order":0,"comment_status":"closed","ping_status":"closed","template":"","meta":{"footnotes":""},"class_list":["post-1577","page","type-page","status-publish","hentry"],"_links":{"self":[{"href":"https:\/\/www.hotel-bettina.net\/de\/wp-json\/wp\/v2\/pages\/1577","targetHints":{"allow":["GET"]}}],"collection":[{"href":"https:\/\/www.hotel-bettina.net\/de\/wp-json\/wp\/v2\/pages"}],"about":[{"href":"https:\/\/www.hotel-bettina.net\/de\/wp-json\/wp\/v2\/types\/page"}],"author":[{"embeddable":true,"href":"https:\/\/www.hotel-bettina.net\/de\/wp-json\/wp\/v2\/users\/1"}],"replies":[{"embeddable":true,"href":"https:\/\/www.hotel-bettina.net\/de\/wp-json\/wp\/v2\/comments?post=1577"}],"version-history":[{"count":8,"href":"https:\/\/www.hotel-bettina.net\/de\/wp-json\/wp\/v2\/pages\/1577\/revisions"}],"predecessor-version":[{"id":1738,"href":"https:\/\/www.hotel-bettina.net\/de\/wp-json\/wp\/v2\/pages\/1577\/revisions\/1738"}],"wp:attachment":[{"href":"https:\/\/www.hotel-bettina.net\/de\/wp-json\/wp\/v2\/media?parent=1577"}],"curies":[{"name":"wp","href":"https:\/\/api.w.org\/{rel}","templated":true}]}}